{"id":806,"date":"2023-03-23T12:48:14","date_gmt":"2023-03-23T12:48:14","guid":{"rendered":"https:\/\/knowyourself.me\/?page_id=806"},"modified":"2024-02-07T13:02:12","modified_gmt":"2024-02-07T13:02:12","slug":"knowyourself-me","status":"publish","type":"page","link":"https:\/\/knowyourself.me\/","title":{"rendered":"Knowyourself.me"},"content":{"rendered":"\n<p class=\"has-text-align-center\">Storytelling and Community Philosophy<\/p>\n\n\n\n<p class=\"has-text-align-center\"><strong>L\u00e0n fh\u00ecrinn na sge\u00f2il . The truth is in the story<\/strong><\/p>\n\n\n\n<div class=\"wp-block-group\"><div class=\"wp-block-group__inner-container is-layout-constrained wp-block-group-is-layout-constrained\">\n<p class=\"has-text-align-center has-dark-gray-color has-text-color has-medium-font-size\" style=\"font-style:normal;font-weight:900\"><strong>Folk Tales, Myths and Legends shared, then explored within an inclusive community, to help us better know our selves.<\/strong><\/p>\n\n\n\n<p class=\"has-text-align-center has-dark-gray-color has-text-color\">Innovative, carbon based, payment options.<\/p>\n\n\n\n<p class=\"has-text-align-center has-dark-gray-color has-text-color\">Tha fios agad fh\u00e8in<\/p>\n\n\n\n<p class=\"has-text-align-center has-large-font-size\"><\/p>\n\n\n\n<div class=\"wp-block-cover is-style-rounded\"><span aria-hidden=\"true\" class=\"wp-block-cover__background has-background-dim\"><\/span><img loading=\"lazy\" decoding=\"async\" width=\"300\" height=\"263\" sizes=\"auto, (max-width: 799px) 200vw, (max-width: 2560px) 100vw, 2560px\" class=\"wp-block-cover__image-background wp-image-812\" alt=\"\" src=\"https:\/\/knowyourself.me\/files\/2023\/03\/contact--300x263.jpg\" style=\"object-position:55% 53%\" data-object-fit=\"cover\" data-object-position=\"55% 53%\" srcset=\"https:\/\/knowyourself.me\/files\/2023\/03\/contact--300x263.jpg 300w, https:\/\/knowyourself.me\/files\/2023\/03\/contact--1024x896.jpg 1024w, https:\/\/knowyourself.me\/files\/2023\/03\/contact--768x672.jpg 768w, https:\/\/knowyourself.me\/files\/2023\/03\/contact--1536x1345.jpg 1536w, https:\/\/knowyourself.me\/files\/2023\/03\/contact--2048x1793.jpg 2048w, https:\/\/knowyourself.me\/files\/2023\/03\/contact--624x546.jpg 624w\" \/><div class=\"wp-block-cover__inner-container is-layout-flow wp-block-cover-is-layout-flow\">\n<p class=\"has-text-align-center has-large-font-size\">Iain &#8211; knowyourself@live.co.uk<\/p>\n<\/div><\/div>\n<\/div><\/div>\n\n\n\n<div class=\"wp-block-group is-vertical is-layout-flex wp-container-core-group-is-layout-8cf370e7 wp-block-group-is-layout-flex\"><\/div>\n\n\n\n<div class=\"wp-block-group\"><div class=\"wp-block-group__inner-container is-layout-constrained wp-block-group-is-layout-constrained\"><\/div><\/div>\n","protected":false},"excerpt":{"rendered":"<p>Storytelling and Community Philosophy L\u00e0n fh\u00ecrinn na sge\u00f2il . The truth is in the story Folk Tales, Myths and Legends shared, then explored within an inclusive community, to help us better know our selves. Innovative, carbon based, payment options. Tha fios agad fh\u00e8in<\/p>\n","protected":false},"author":249,"featured_media":94,"parent":0,"menu_order":0,"comment_status":"closed","ping_status":"closed","template":"","meta":{"footnotes":""},"class_list":["post-806","page","type-page","status-publish","has-post-thumbnail","hentry","post","has-featured-image"],"_links":{"self":[{"href":"https:\/\/knowyourself.me\/index.php?rest_route=\/wp\/v2\/pages\/806","targetHints":{"allow":["GET"]}}],"collection":[{"href":"https:\/\/knowyourself.me\/index.php?rest_route=\/wp\/v2\/pages"}],"about":[{"href":"https:\/\/knowyourself.me\/index.php?rest_route=\/wp\/v2\/types\/page"}],"author":[{"embeddable":true,"href":"https:\/\/knowyourself.me\/index.php?rest_route=\/wp\/v2\/users\/249"}],"replies":[{"embeddable":true,"href":"https:\/\/knowyourself.me\/index.php?rest_route=%2Fwp%2Fv2%2Fcomments&post=806"}],"version-history":[{"count":21,"href":"https:\/\/knowyourself.me\/index.php?rest_route=\/wp\/v2\/pages\/806\/revisions"}],"predecessor-version":[{"id":929,"href":"https:\/\/knowyourself.me\/index.php?rest_route=\/wp\/v2\/pages\/806\/revisions\/929"}],"wp:featuredmedia":[{"embeddable":true,"href":"https:\/\/knowyourself.me\/index.php?rest_route=\/wp\/v2\/media\/94"}],"wp:attachment":[{"href":"https:\/\/knowyourself.me\/index.php?rest_route=%2Fwp%2Fv2%2Fmedia&parent=806"}],"curies":[{"name":"wp","href":"https:\/\/api.w.org\/{rel}","templated":true}]}}